{"id":17,"date":"2024-11-13T20:00:55","date_gmt":"2024-11-13T19:00:55","guid":{"rendered":"https:\/\/helenevandenbulcke.com\/?page_id=17"},"modified":"2026-03-12T19:33:52","modified_gmt":"2026-03-12T18:33:52","slug":"graphiste-independante-lille","status":"publish","type":"page","link":"https:\/\/helenevandenbulcke.com\/","title":{"rendered":"Accueil"},"content":{"rendered":"\t\t<div data-elementor-type=\"wp-page\" data-elementor-id=\"17\" class=\"elementor elementor-17\" data-elementor-post-type=\"page\">\n\t\t\t\t<div class=\"elementor-element elementor-element-73a0ad6 e-con-full e-flex e-con e-parent\" data-id=\"73a0ad6\" data-element_type=\"container\" data-e-type=\"container\" data-settings=\"{&quot;background_background&quot;:&quot;classic&quot;}\">\n\t\t<div class=\"elementor-element elementor-element-26847b4 e-con-full animated-fast e-flex elementor-invisible e-con e-child\" data-id=\"26847b4\" data-element_type=\"container\" data-e-type=\"container\" data-settings=\"{&quot;animation&quot;:&quot;fadeInUp&quot;}\">\n\t\t\t\t<div class=\"elementor-element elementor-element-7384fd0 elementor-hidden-mobile elementor-widget elementor-widget-image\" data-id=\"7384fd0\" data-element_type=\"widget\" data-e-type=\"widget\" data-widget_type=\"image.default\">\n\t\t\t\t<div class=\"elementor-widget-container\">\n\t\t\t\t\t\t\t\t\t\t\t\t\t\t\t<img fetchpriority=\"high\" decoding=\"async\" width=\"833\" height=\"1024\" src=\"https:\/\/helenevandenbulcke.com\/wp-content\/uploads\/2024\/11\/accueil-01-833x1024.png\" class=\"attachment-large size-large wp-image-23\" alt=\"\" srcset=\"https:\/\/helenevandenbulcke.com\/wp-content\/uploads\/2024\/11\/accueil-01-833x1024.png 833w, https:\/\/helenevandenbulcke.com\/wp-content\/uploads\/2024\/11\/accueil-01-244x300.png 244w, https:\/\/helenevandenbulcke.com\/wp-content\/uploads\/2024\/11\/accueil-01-768x944.png 768w, https:\/\/helenevandenbulcke.com\/wp-content\/uploads\/2024\/11\/accueil-01-1250x1536.png 1250w, https:\/\/helenevandenbulcke.com\/wp-content\/uploads\/2024\/11\/accueil-01.png 1602w\" sizes=\"(max-width: 833px) 100vw, 833px\" \/>\t\t\t\t\t\t\t\t\t\t\t\t\t\t\t<\/div>\n\t\t\t\t<\/div>\n\t\t\t\t<\/div>\n\t\t<div class=\"elementor-element elementor-element-dd1b571 e-con-full e-flex e-con e-child\" data-id=\"dd1b571\" data-element_type=\"container\" data-e-type=\"container\" data-settings=\"{&quot;animation&quot;:&quot;none&quot;}\">\n\t\t\t\t<div class=\"elementor-element elementor-element-7d6c2a0 animated-fast elementor-invisible elementor-widget elementor-widget-text-editor\" data-id=\"7d6c2a0\" data-element_type=\"widget\" data-e-type=\"widget\" data-settings=\"{&quot;_animation&quot;:&quot;fadeIn&quot;}\" data-widget_type=\"text-editor.default\">\n\t\t\t\t<div class=\"elementor-widget-container\">\n\t\t\t\t\t\t\t\t\t<p>Bient\u00f4t de retour<\/p>\t\t\t\t\t\t\t\t<\/div>\n\t\t\t\t<\/div>\n\t\t\t\t<div class=\"elementor-element elementor-element-bc971d8 animated-fast elementor-invisible elementor-widget elementor-widget-text-editor\" data-id=\"bc971d8\" data-element_type=\"widget\" data-e-type=\"widget\" data-settings=\"{&quot;_animation&quot;:&quot;fadeInUp&quot;}\" data-widget_type=\"text-editor.default\">\n\t\t\t\t<div class=\"elementor-widget-container\">\n\t\t\t\t\t\t\t\t\t<p>En pleine<br \/>cr\u00e9ation<em>&#8230;<\/em><\/p>\t\t\t\t\t\t\t\t<\/div>\n\t\t\t\t<\/div>\n\t\t\t\t<div class=\"elementor-element elementor-element-01d2555 animated-fast elementor-invisible elementor-widget elementor-widget-text-editor\" data-id=\"01d2555\" data-element_type=\"widget\" data-e-type=\"widget\" data-settings=\"{&quot;_animation&quot;:&quot;fadeInUp&quot;}\" data-widget_type=\"text-editor.default\">\n\t\t\t\t<div class=\"elementor-widget-container\">\n\t\t\t\t\t\t\t\t\t<p><strong>Un projet en t\u00eate ? <\/strong><em><strong><br \/><\/strong><\/em>Parlons-en autour d&rsquo;un caf\u00e9 lors d&rsquo;un appel d\u00e9couverte gratuit, sans engagement !<\/p>\t\t\t\t\t\t\t\t<\/div>\n\t\t\t\t<\/div>\n\t\t\t\t<div class=\"elementor-element elementor-element-4c140a7 elementor-align-left animated-fast elementor-mobile-align-center elementor-widget-mobile__width-inherit elementor-invisible elementor-widget elementor-widget-button\" data-id=\"4c140a7\" data-element_type=\"widget\" data-e-type=\"widget\" data-settings=\"{&quot;_animation&quot;:&quot;fadeInUp&quot;}\" data-widget_type=\"button.default\">\n\t\t\t\t<div class=\"elementor-widget-container\">\n\t\t\t\t\t\t\t\t\t<div class=\"elementor-button-wrapper\">\n\t\t\t\t\t<a class=\"elementor-button elementor-button-link elementor-size-sm elementor-animation-sink\" href=\"https:\/\/calendly.com\/lnvandenbulcke\/appel-decouverte\" target=\"_blank\">\n\t\t\t\t\t\t<span class=\"elementor-button-content-wrapper\">\n\t\t\t\t\t\t\t\t\t<span class=\"elementor-button-text\">On discute de ton projet ?<\/span>\n\t\t\t\t\t<\/span>\n\t\t\t\t\t<\/a>\n\t\t\t\t<\/div>\n\t\t\t\t\t\t\t\t<\/div>\n\t\t\t\t<\/div>\n\t\t\t\t<\/div>\n\t\t<div class=\"elementor-element elementor-element-41c5397 e-con-full animated-fast elementor-hidden-tablet e-flex elementor-invisible e-con e-child\" data-id=\"41c5397\" data-element_type=\"container\" data-e-type=\"container\" data-settings=\"{&quot;animation&quot;:&quot;fadeInUp&quot;}\">\n\t\t\t\t<div class=\"elementor-element elementor-element-56ddd69 elementor-hidden-desktop elementor-hidden-tablet elementor-widget elementor-widget-image\" data-id=\"56ddd69\" data-element_type=\"widget\" data-e-type=\"widget\" data-widget_type=\"image.default\">\n\t\t\t\t<div class=\"elementor-widget-container\">\n\t\t\t\t\t\t\t\t\t\t\t\t\t\t\t<img decoding=\"async\" src=\"https:\/\/helenevandenbulcke.com\/wp-content\/uploads\/2024\/11\/header-mobile-2.png\" title=\"\" alt=\"\" loading=\"lazy\" \/>\t\t\t\t\t\t\t\t\t\t\t\t\t\t\t<\/div>\n\t\t\t\t<\/div>\n\t\t\t\t<div class=\"elementor-element elementor-element-c07852a elementor-hidden-mobile elementor-widget elementor-widget-image\" data-id=\"c07852a\" data-element_type=\"widget\" data-e-type=\"widget\" data-widget_type=\"image.default\">\n\t\t\t\t<div class=\"elementor-widget-container\">\n\t\t\t\t\t\t\t\t\t\t\t\t\t\t\t<img decoding=\"async\" width=\"727\" height=\"1024\" src=\"https:\/\/helenevandenbulcke.com\/wp-content\/uploads\/2024\/11\/accueil-02-727x1024.png\" class=\"attachment-large size-large wp-image-24\" alt=\"\" srcset=\"https:\/\/helenevandenbulcke.com\/wp-content\/uploads\/2024\/11\/accueil-02-727x1024.png 727w, https:\/\/helenevandenbulcke.com\/wp-content\/uploads\/2024\/11\/accueil-02-213x300.png 213w, https:\/\/helenevandenbulcke.com\/wp-content\/uploads\/2024\/11\/accueil-02-768x1082.png 768w, https:\/\/helenevandenbulcke.com\/wp-content\/uploads\/2024\/11\/accueil-02-1090x1536.png 1090w, https:\/\/helenevandenbulcke.com\/wp-content\/uploads\/2024\/11\/accueil-02.png 1397w\" sizes=\"(max-width: 727px) 100vw, 727px\" \/>\t\t\t\t\t\t\t\t\t\t\t\t\t\t\t<\/div>\n\t\t\t\t<\/div>\n\t\t\t\t<\/div>\n\t\t\t\t<\/div>\n\t\t\t\t<\/div>\n\t\t","protected":false},"excerpt":{"rendered":"<p>Bient\u00f4t de retour En pleinecr\u00e9ation&#8230; Un projet en t\u00eate ? Parlons-en autour d&rsquo;un caf\u00e9 lors d&rsquo;un appel d\u00e9couverte gratuit, sans engagement ! On discute de ton projet ?<\/p>\n","protected":false},"author":1,"featured_media":0,"parent":0,"menu_order":0,"comment_status":"closed","ping_status":"closed","template":"elementor_header_footer","meta":{"footnotes":""},"class_list":["post-17","page","type-page","status-publish","hentry","entry"],"yoast_head":"<!-- This site is optimized with the Yoast SEO plugin v27.4 - https:\/\/yoast.com\/product\/yoast-seo-wordpress\/ -->\n<title>Accueil - H\u00e9l\u00e8ne Vandenbulcke, Graphiste freelance \u00e0 Lille<\/title>\n<meta name=\"description\" content=\"Graphiste Freelance \u00e0 Lille, je con\u00e7ois des identit\u00e9s visuelles et des supports de communication impactants pour faire briller votre marque.\" \/>\n<meta name=\"robots\" content=\"index, follow, max-snippet:-1, max-image-preview:large, max-video-preview:-1\" \/>\n<link rel=\"canonical\" href=\"https:\/\/helenevandenbulcke.com\/\" \/>\n<meta property=\"og:locale\" content=\"fr_FR\" \/>\n<meta property=\"og:type\" content=\"article\" \/>\n<meta property=\"og:title\" content=\"Accueil - H\u00e9l\u00e8ne Vandenbulcke, Graphiste freelance \u00e0 Lille\" \/>\n<meta property=\"og:description\" content=\"Graphiste Freelance \u00e0 Lille, je con\u00e7ois des identit\u00e9s visuelles et des supports de communication impactants pour faire briller votre marque.\" \/>\n<meta property=\"og:url\" content=\"https:\/\/helenevandenbulcke.com\/\" \/>\n<meta property=\"og:site_name\" content=\"H\u00e9l\u00e8ne Vandenbulcke, Graphiste freelance \u00e0 Lille\" \/>\n<meta property=\"article:modified_time\" content=\"2026-03-12T18:33:52+00:00\" \/>\n<meta property=\"og:image\" content=\"https:\/\/helenevandenbulcke.com\/wp-content\/uploads\/2024\/11\/accueil-01-833x1024.png\" \/>\n<meta name=\"twitter:card\" content=\"summary_large_image\" \/>\n<meta name=\"twitter:label1\" content=\"Dur\u00e9e de lecture estim\u00e9e\" \/>\n\t<meta name=\"twitter:data1\" content=\"1 minute\" \/>\n<script type=\"application\/ld+json\" class=\"yoast-schema-graph\">{\"@context\":\"https:\\\/\\\/schema.org\",\"@graph\":[{\"@type\":\"WebPage\",\"@id\":\"https:\\\/\\\/helenevandenbulcke.com\\\/\",\"url\":\"https:\\\/\\\/helenevandenbulcke.com\\\/\",\"name\":\"Accueil - H\u00e9l\u00e8ne Vandenbulcke, Graphiste freelance \u00e0 Lille\",\"isPartOf\":{\"@id\":\"https:\\\/\\\/helenevandenbulcke.com\\\/#website\"},\"primaryImageOfPage\":{\"@id\":\"https:\\\/\\\/helenevandenbulcke.com\\\/#primaryimage\"},\"image\":{\"@id\":\"https:\\\/\\\/helenevandenbulcke.com\\\/#primaryimage\"},\"thumbnailUrl\":\"https:\\\/\\\/helenevandenbulcke.com\\\/wp-content\\\/uploads\\\/2024\\\/11\\\/accueil-01-833x1024.png\",\"datePublished\":\"2024-11-13T19:00:55+00:00\",\"dateModified\":\"2026-03-12T18:33:52+00:00\",\"description\":\"Graphiste Freelance \u00e0 Lille, je con\u00e7ois des identit\u00e9s visuelles et des supports de communication impactants pour faire briller votre marque.\",\"breadcrumb\":{\"@id\":\"https:\\\/\\\/helenevandenbulcke.com\\\/#breadcrumb\"},\"inLanguage\":\"fr-FR\",\"potentialAction\":[{\"@type\":\"ReadAction\",\"target\":[\"https:\\\/\\\/helenevandenbulcke.com\\\/\"]}]},{\"@type\":\"ImageObject\",\"inLanguage\":\"fr-FR\",\"@id\":\"https:\\\/\\\/helenevandenbulcke.com\\\/#primaryimage\",\"url\":\"https:\\\/\\\/helenevandenbulcke.com\\\/wp-content\\\/uploads\\\/2024\\\/11\\\/accueil-01.png\",\"contentUrl\":\"https:\\\/\\\/helenevandenbulcke.com\\\/wp-content\\\/uploads\\\/2024\\\/11\\\/accueil-01.png\",\"width\":1602,\"height\":1969},{\"@type\":\"BreadcrumbList\",\"@id\":\"https:\\\/\\\/helenevandenbulcke.com\\\/#breadcrumb\",\"itemListElement\":[{\"@type\":\"ListItem\",\"position\":1,\"name\":\"Accueil\",\"item\":\"https:\\\/\\\/helenevandenbulcke.com\\\/\"},{\"@type\":\"ListItem\",\"position\":2,\"name\":\"Accueil\"}]},{\"@type\":\"WebSite\",\"@id\":\"https:\\\/\\\/helenevandenbulcke.com\\\/#website\",\"url\":\"https:\\\/\\\/helenevandenbulcke.com\\\/\",\"name\":\"H\u00e9l\u00e8ne Vandenbulcke\",\"description\":\"Graphiste freelance \u00e0 Lille, je cr\u00e9e des identit\u00e9s visuelles uniques pour renforcer l&#039;image de votre marque. Ensemble, d\u00e9veloppons un design percutant qui vous distingue.\",\"publisher\":{\"@id\":\"https:\\\/\\\/helenevandenbulcke.com\\\/#\\\/schema\\\/person\\\/924e55214e1c21f165b6af1c77c66e68\"},\"potentialAction\":[{\"@type\":\"SearchAction\",\"target\":{\"@type\":\"EntryPoint\",\"urlTemplate\":\"https:\\\/\\\/helenevandenbulcke.com\\\/?s={search_term_string}\"},\"query-input\":{\"@type\":\"PropertyValueSpecification\",\"valueRequired\":true,\"valueName\":\"search_term_string\"}}],\"inLanguage\":\"fr-FR\"},{\"@type\":[\"Person\",\"Organization\"],\"@id\":\"https:\\\/\\\/helenevandenbulcke.com\\\/#\\\/schema\\\/person\\\/924e55214e1c21f165b6af1c77c66e68\",\"name\":\"ln.vandenbulcke@gmail.com\",\"image\":{\"@type\":\"ImageObject\",\"inLanguage\":\"fr-FR\",\"@id\":\"https:\\\/\\\/helenevandenbulcke.com\\\/wp-content\\\/uploads\\\/2024\\\/11\\\/LOGO-HELENE-BLANC.svg\",\"url\":\"https:\\\/\\\/helenevandenbulcke.com\\\/wp-content\\\/uploads\\\/2024\\\/11\\\/LOGO-HELENE-BLANC.svg\",\"contentUrl\":\"https:\\\/\\\/helenevandenbulcke.com\\\/wp-content\\\/uploads\\\/2024\\\/11\\\/LOGO-HELENE-BLANC.svg\",\"width\":398,\"height\":103,\"caption\":\"ln.vandenbulcke@gmail.com\"},\"logo\":{\"@id\":\"https:\\\/\\\/helenevandenbulcke.com\\\/wp-content\\\/uploads\\\/2024\\\/11\\\/LOGO-HELENE-BLANC.svg\"},\"sameAs\":[\"https:\\\/\\\/helenevandenbulcke.com\"]}]}<\/script>\n<!-- \/ Yoast SEO plugin. -->","yoast_head_json":{"title":"Accueil - H\u00e9l\u00e8ne Vandenbulcke, Graphiste freelance \u00e0 Lille","description":"Graphiste Freelance \u00e0 Lille, je con\u00e7ois des identit\u00e9s visuelles et des supports de communication impactants pour faire briller votre marque.","robots":{"index":"index","follow":"follow","max-snippet":"max-snippet:-1","max-image-preview":"max-image-preview:large","max-video-preview":"max-video-preview:-1"},"canonical":"https:\/\/helenevandenbulcke.com\/","og_locale":"fr_FR","og_type":"article","og_title":"Accueil - H\u00e9l\u00e8ne Vandenbulcke, Graphiste freelance \u00e0 Lille","og_description":"Graphiste Freelance \u00e0 Lille, je con\u00e7ois des identit\u00e9s visuelles et des supports de communication impactants pour faire briller votre marque.","og_url":"https:\/\/helenevandenbulcke.com\/","og_site_name":"H\u00e9l\u00e8ne Vandenbulcke, Graphiste freelance \u00e0 Lille","article_modified_time":"2026-03-12T18:33:52+00:00","og_image":[{"url":"https:\/\/helenevandenbulcke.com\/wp-content\/uploads\/2024\/11\/accueil-01-833x1024.png","type":"","width":"","height":""}],"twitter_card":"summary_large_image","twitter_misc":{"Dur\u00e9e de lecture estim\u00e9e":"1 minute"},"schema":{"@context":"https:\/\/schema.org","@graph":[{"@type":"WebPage","@id":"https:\/\/helenevandenbulcke.com\/","url":"https:\/\/helenevandenbulcke.com\/","name":"Accueil - H\u00e9l\u00e8ne Vandenbulcke, Graphiste freelance \u00e0 Lille","isPartOf":{"@id":"https:\/\/helenevandenbulcke.com\/#website"},"primaryImageOfPage":{"@id":"https:\/\/helenevandenbulcke.com\/#primaryimage"},"image":{"@id":"https:\/\/helenevandenbulcke.com\/#primaryimage"},"thumbnailUrl":"https:\/\/helenevandenbulcke.com\/wp-content\/uploads\/2024\/11\/accueil-01-833x1024.png","datePublished":"2024-11-13T19:00:55+00:00","dateModified":"2026-03-12T18:33:52+00:00","description":"Graphiste Freelance \u00e0 Lille, je con\u00e7ois des identit\u00e9s visuelles et des supports de communication impactants pour faire briller votre marque.","breadcrumb":{"@id":"https:\/\/helenevandenbulcke.com\/#breadcrumb"},"inLanguage":"fr-FR","potentialAction":[{"@type":"ReadAction","target":["https:\/\/helenevandenbulcke.com\/"]}]},{"@type":"ImageObject","inLanguage":"fr-FR","@id":"https:\/\/helenevandenbulcke.com\/#primaryimage","url":"https:\/\/helenevandenbulcke.com\/wp-content\/uploads\/2024\/11\/accueil-01.png","contentUrl":"https:\/\/helenevandenbulcke.com\/wp-content\/uploads\/2024\/11\/accueil-01.png","width":1602,"height":1969},{"@type":"BreadcrumbList","@id":"https:\/\/helenevandenbulcke.com\/#breadcrumb","itemListElement":[{"@type":"ListItem","position":1,"name":"Accueil","item":"https:\/\/helenevandenbulcke.com\/"},{"@type":"ListItem","position":2,"name":"Accueil"}]},{"@type":"WebSite","@id":"https:\/\/helenevandenbulcke.com\/#website","url":"https:\/\/helenevandenbulcke.com\/","name":"H\u00e9l\u00e8ne Vandenbulcke","description":"Graphiste freelance \u00e0 Lille, je cr\u00e9e des identit\u00e9s visuelles uniques pour renforcer l&#039;image de votre marque. Ensemble, d\u00e9veloppons un design percutant qui vous distingue.","publisher":{"@id":"https:\/\/helenevandenbulcke.com\/#\/schema\/person\/924e55214e1c21f165b6af1c77c66e68"},"potentialAction":[{"@type":"SearchAction","target":{"@type":"EntryPoint","urlTemplate":"https:\/\/helenevandenbulcke.com\/?s={search_term_string}"},"query-input":{"@type":"PropertyValueSpecification","valueRequired":true,"valueName":"search_term_string"}}],"inLanguage":"fr-FR"},{"@type":["Person","Organization"],"@id":"https:\/\/helenevandenbulcke.com\/#\/schema\/person\/924e55214e1c21f165b6af1c77c66e68","name":"ln.vandenbulcke@gmail.com","image":{"@type":"ImageObject","inLanguage":"fr-FR","@id":"https:\/\/helenevandenbulcke.com\/wp-content\/uploads\/2024\/11\/LOGO-HELENE-BLANC.svg","url":"https:\/\/helenevandenbulcke.com\/wp-content\/uploads\/2024\/11\/LOGO-HELENE-BLANC.svg","contentUrl":"https:\/\/helenevandenbulcke.com\/wp-content\/uploads\/2024\/11\/LOGO-HELENE-BLANC.svg","width":398,"height":103,"caption":"ln.vandenbulcke@gmail.com"},"logo":{"@id":"https:\/\/helenevandenbulcke.com\/wp-content\/uploads\/2024\/11\/LOGO-HELENE-BLANC.svg"},"sameAs":["https:\/\/helenevandenbulcke.com"]}]}},"_links":{"self":[{"href":"https:\/\/helenevandenbulcke.com\/index.php?rest_route=\/wp\/v2\/pages\/17","targetHints":{"allow":["GET"]}}],"collection":[{"href":"https:\/\/helenevandenbulcke.com\/index.php?rest_route=\/wp\/v2\/pages"}],"about":[{"href":"https:\/\/helenevandenbulcke.com\/index.php?rest_route=\/wp\/v2\/types\/page"}],"author":[{"embeddable":true,"href":"https:\/\/helenevandenbulcke.com\/index.php?rest_route=\/wp\/v2\/users\/1"}],"replies":[{"embeddable":true,"href":"https:\/\/helenevandenbulcke.com\/index.php?rest_route=%2Fwp%2Fv2%2Fcomments&post=17"}],"version-history":[{"count":304,"href":"https:\/\/helenevandenbulcke.com\/index.php?rest_route=\/wp\/v2\/pages\/17\/revisions"}],"predecessor-version":[{"id":6206,"href":"https:\/\/helenevandenbulcke.com\/index.php?rest_route=\/wp\/v2\/pages\/17\/revisions\/6206"}],"wp:attachment":[{"href":"https:\/\/helenevandenbulcke.com\/index.php?rest_route=%2Fwp%2Fv2%2Fmedia&parent=17"}],"curies":[{"name":"wp","href":"https:\/\/api.w.org\/{rel}","templated":true}]}}